{"id":8,"date":"2025-03-26T22:33:22","date_gmt":"2025-03-26T21:33:22","guid":{"rendered":"https:\/\/verdideasrl.com\/sito\/?page_id=8"},"modified":"2025-05-10T15:11:26","modified_gmt":"2025-05-10T13:11:26","slug":"8-2","status":"publish","type":"page","link":"https:\/\/verdideasrl.com\/sito\/","title":{"rendered":"Homepage"},"content":{"rendered":"\n<div class=\"wp-block-cover alignfull has-parallax animated fadeIn slower wp-duotone-unset-1\" style=\"padding-top:var(--wp--preset--spacing--50);padding-right:var(--wp--preset--spacing--60);padding-bottom:var(--wp--preset--spacing--50);padding-left:var(--wp--preset--spacing--60)\"><div class=\"wp-block-cover__image-background wp-image-230 size-full has-parallax\" style=\"background-position:50% 50%;background-image:url(https:\/\/verdideasrl.com\/sito\/wp-content\/uploads\/2025\/05\/SER01562b.jpg)\"><\/div><span aria-hidden=\"true\" class=\"wp-block-cover__background has-contrast-2-background-color has-background-dim\"><\/span><div class=\"wp-block-cover__inner-container has-global-padding is-layout-constrained wp-container-core-cover-is-layout-3f3b0e9d wp-block-cover-is-layout-constrained\">\n<figure class=\"wp-block-pullquote alignwide has-text-align-center animated fadeIn delay-2s slow has-montserrat-font-family\" style=\"font-style:italic;font-weight:400\"><blockquote><p>Troverai di pi\u00f9 nei boschi che nei libri.<br>Gli alberi e le pietre ti insegneranno ci\u00f2 che non si pu\u00f2 imparare da maestri.<\/p><cite>San Bernardo<\/cite><\/blockquote><\/figure>\n<\/div><\/div>\n\n\n\n<div class=\"wp-block-group alignfull has-base-background-color has-background has-global-padding is-layout-constrained wp-container-core-group-is-layout-d89aad35 wp-block-group-is-layout-constrained\" style=\"margin-top:0;margin-bottom:0;padding-top:var(--wp--preset--spacing--50);padding-right:var(--wp--preset--spacing--50);padding-bottom:var(--wp--preset--spacing--50);padding-left:var(--wp--preset--spacing--50)\">\n<div class=\"wp-block-columns alignwide is-layout-flex wp-container-core-columns-is-layout-549b0c86 wp-block-columns-is-layout-flex\">\n<div class=\"wp-block-column is-layout-flow wp-block-column-is-layout-flow\" style=\"flex-basis:50%\">\n<div class=\"wp-block-cover is-light has-custom-content-position is-position-top-left has-base-color has-text-color has-link-color wp-elements-ee837856fcd2a421ac8a814174e271da\"><img loading=\"lazy\" decoding=\"async\" width=\"1024\" height=\"847\" class=\"wp-block-cover__image-background wp-image-544 size-large\" alt=\"\" src=\"https:\/\/verdideasrl.com\/sito\/wp-content\/uploads\/2025\/05\/SEDE-1024x847.jpg\" data-object-fit=\"cover\" srcset=\"https:\/\/verdideasrl.com\/sito\/wp-content\/uploads\/2025\/05\/SEDE-1024x847.jpg 1024w, https:\/\/verdideasrl.com\/sito\/wp-content\/uploads\/2025\/05\/SEDE-300x248.jpg 300w, https:\/\/verdideasrl.com\/sito\/wp-content\/uploads\/2025\/05\/SEDE-768x635.jpg 768w, https:\/\/verdideasrl.com\/sito\/wp-content\/uploads\/2025\/05\/SEDE.jpg 1298w\" sizes=\"auto, (max-width: 1024px) 100vw, 1024px\" \/><span aria-hidden=\"true\" class=\"wp-block-cover__background has-accent-4-background-color has-background-dim-0 has-background-dim\"><\/span><div class=\"wp-block-cover__inner-container has-global-padding is-layout-constrained wp-block-cover-is-layout-constrained\">\n<div class=\"wp-block-buttons is-layout-flex wp-block-buttons-is-layout-flex\">\n<div class=\"wp-block-button has-custom-width wp-block-button__width-100 is-style-outline is-style-outline--2\"><a class=\"wp-block-button__link wp-element-button\" href=\"https:\/\/verdideasrl.com\/sito\/chi-siamo\/\" style=\"padding-right:var(--wp--preset--spacing--30);padding-left:var(--wp--preset--spacing--30)\">La storia<\/a><\/div>\n<\/div>\n<\/div><\/div>\n<\/div>\n\n\n\n<div class=\"wp-block-column is-layout-flow wp-container-core-column-is-layout-119bc444 wp-block-column-is-layout-flow\" style=\"flex-basis:50%\"><div class=\"wp-block-site-logo\"><a href=\"https:\/\/verdideasrl.com\/sito\/\" class=\"custom-logo-link\" rel=\"home\"><img loading=\"lazy\" decoding=\"async\" width=\"256\" height=\"60\" src=\"https:\/\/verdideasrl.com\/sito\/wp-content\/uploads\/2025\/03\/logo-verdidea.png\" class=\"custom-logo\" alt=\"Verdidea srl\" srcset=\"https:\/\/verdideasrl.com\/sito\/wp-content\/uploads\/2025\/03\/logo-verdidea.png 2364w, https:\/\/verdideasrl.com\/sito\/wp-content\/uploads\/2025\/03\/logo-verdidea-300x71.png 300w, https:\/\/verdideasrl.com\/sito\/wp-content\/uploads\/2025\/03\/logo-verdidea-1024x242.png 1024w, https:\/\/verdideasrl.com\/sito\/wp-content\/uploads\/2025\/03\/logo-verdidea-768x182.png 768w, https:\/\/verdideasrl.com\/sito\/wp-content\/uploads\/2025\/03\/logo-verdidea-1536x363.png 1536w, https:\/\/verdideasrl.com\/sito\/wp-content\/uploads\/2025\/03\/logo-verdidea-2048x484.png 2048w\" sizes=\"auto, (max-width: 256px) 100vw, 256px\" \/><\/a><\/div>\n\n\n<h2 class=\"wp-block-heading has-large-font-size\">Con meticolosa attenzione ai dettagli e una devozione all&#8217;eccellenza, creiamo spazi che ispirano, elevano e arricchiscono le vite di chi li abita.<\/h2>\n<\/div>\n<\/div>\n<\/div>\n\n\n\n<div class=\"wp-block-cover alignfull has-parallax\" style=\"min-height:600px;aspect-ratio:unset;\"><div class=\"wp-block-cover__image-background wp-image-11 size-large has-parallax\" style=\"background-position:50% 50%;background-image:url(https:\/\/verdideasrl.com\/sito\/wp-content\/uploads\/2025\/03\/1759_New_Dark-1024x608.jpg)\"><\/div><span aria-hidden=\"true\" class=\"wp-block-cover__background has-background-dim\" style=\"background-color:#6d634a\"><\/span><div class=\"wp-block-cover__inner-container has-global-padding is-layout-constrained wp-block-cover-is-layout-constrained\">\n<p class=\"has-text-align-center has-large-font-size\">Progettazione e manutenzione del verde pubblico e privato<\/p>\n<\/div><\/div>\n\n\n\n<div class=\"wp-block-group alignfull has-base-background-color has-background has-global-padding is-layout-constrained wp-container-core-group-is-layout-d89aad35 wp-block-group-is-layout-constrained\" style=\"margin-top:0;margin-bottom:0;padding-top:var(--wp--preset--spacing--50);padding-right:var(--wp--preset--spacing--50);padding-bottom:var(--wp--preset--spacing--50);padding-left:var(--wp--preset--spacing--50)\">\n<div class=\"wp-block-columns alignwide is-layout-flex wp-container-core-columns-is-layout-549b0c86 wp-block-columns-is-layout-flex\">\n<div class=\"wp-block-column is-layout-flow wp-container-core-column-is-layout-119bc444 wp-block-column-is-layout-flow\" style=\"flex-basis:50%\"><div class=\"wp-block-site-logo\"><a href=\"https:\/\/verdideasrl.com\/sito\/\" class=\"custom-logo-link\" rel=\"home\"><img loading=\"lazy\" decoding=\"async\" width=\"256\" height=\"60\" src=\"https:\/\/verdideasrl.com\/sito\/wp-content\/uploads\/2025\/03\/logo-verdidea.png\" class=\"custom-logo\" alt=\"Verdidea srl\" srcset=\"https:\/\/verdideasrl.com\/sito\/wp-content\/uploads\/2025\/03\/logo-verdidea.png 2364w, https:\/\/verdideasrl.com\/sito\/wp-content\/uploads\/2025\/03\/logo-verdidea-300x71.png 300w, https:\/\/verdideasrl.com\/sito\/wp-content\/uploads\/2025\/03\/logo-verdidea-1024x242.png 1024w, https:\/\/verdideasrl.com\/sito\/wp-content\/uploads\/2025\/03\/logo-verdidea-768x182.png 768w, https:\/\/verdideasrl.com\/sito\/wp-content\/uploads\/2025\/03\/logo-verdidea-1536x363.png 1536w, https:\/\/verdideasrl.com\/sito\/wp-content\/uploads\/2025\/03\/logo-verdidea-2048x484.png 2048w\" sizes=\"auto, (max-width: 256px) 100vw, 256px\" \/><\/a><\/div>\n\n\n<h2 class=\"wp-block-heading has-large-font-size\">La manutenzione del verde con tutti i suoi settori e attivit\u00e0 necessita di numerose e svariate professionalit\u00e0 per l&#8217;analisi, la gestione e l&#8217;implementazione dei progetti.<\/h2>\n<\/div>\n\n\n\n<div class=\"wp-block-column is-layout-flow wp-block-column-is-layout-flow\" style=\"flex-basis:50%\">\n<div class=\"wp-block-cover has-custom-content-position is-position-bottom-right has-base-color has-text-color has-link-color wp-elements-a442d9dc2436f0c6cbc50652b1310a14\"><img loading=\"lazy\" decoding=\"async\" width=\"1024\" height=\"683\" class=\"wp-block-cover__image-background wp-image-394 size-large\" alt=\"\" src=\"https:\/\/verdideasrl.com\/sito\/wp-content\/uploads\/2025\/05\/MARCO-UFFICIO-GARE-ANGELA-PELUSO-AMMINISTRATORE-FABRIZIO-PROJECT-MANAGERb-1024x683.jpg\" style=\"object-position:100% 47%\" data-object-fit=\"cover\" data-object-position=\"100% 47%\" srcset=\"https:\/\/verdideasrl.com\/sito\/wp-content\/uploads\/2025\/05\/MARCO-UFFICIO-GARE-ANGELA-PELUSO-AMMINISTRATORE-FABRIZIO-PROJECT-MANAGERb-1024x683.jpg 1024w, https:\/\/verdideasrl.com\/sito\/wp-content\/uploads\/2025\/05\/MARCO-UFFICIO-GARE-ANGELA-PELUSO-AMMINISTRATORE-FABRIZIO-PROJECT-MANAGERb-300x200.jpg 300w, https:\/\/verdideasrl.com\/sito\/wp-content\/uploads\/2025\/05\/MARCO-UFFICIO-GARE-ANGELA-PELUSO-AMMINISTRATORE-FABRIZIO-PROJECT-MANAGERb-768x512.jpg 768w, https:\/\/verdideasrl.com\/sito\/wp-content\/uploads\/2025\/05\/MARCO-UFFICIO-GARE-ANGELA-PELUSO-AMMINISTRATORE-FABRIZIO-PROJECT-MANAGERb-1536x1024.jpg 1536w, https:\/\/verdideasrl.com\/sito\/wp-content\/uploads\/2025\/05\/MARCO-UFFICIO-GARE-ANGELA-PELUSO-AMMINISTRATORE-FABRIZIO-PROJECT-MANAGERb.jpg 1752w\" sizes=\"auto, (max-width: 1024px) 100vw, 1024px\" \/><span aria-hidden=\"true\" class=\"wp-block-cover__background has-contrast-2-background-color has-background-dim-0 has-background-dim\"><\/span><div class=\"wp-block-cover__inner-container has-global-padding is-layout-constrained wp-block-cover-is-layout-constrained\">\n<div class=\"wp-block-buttons is-layout-flex wp-block-buttons-is-layout-flex\">\n<div class=\"wp-block-button has-custom-width wp-block-button__width-100 is-style-outline is-style-outline--3\"><a class=\"wp-block-button__link wp-element-button\" href=\"https:\/\/verdideasrl.com\/sito\/progetti\/\" style=\"padding-right:var(--wp--preset--spacing--30);padding-left:var(--wp--preset--spacing--30)\">I progetti<\/a><\/div>\n<\/div>\n<\/div><\/div>\n<\/div>\n<\/div>\n<\/div>\n\n\n\n<div class=\"wp-block-cover alignfull has-parallax\" style=\"min-height:600px;aspect-ratio:unset;\"><div class=\"wp-block-cover__image-background wp-image-107 size-large has-parallax\" style=\"background-position:50% 50%;background-image:url(https:\/\/verdideasrl.com\/sito\/wp-content\/uploads\/2025\/04\/21489189091-1024x683.jpg)\"><\/div><span aria-hidden=\"true\" class=\"wp-block-cover__background has-background-dim\" style=\"background-color:#6b673b\"><\/span><div class=\"wp-block-cover__inner-container has-global-padding is-layout-constrained wp-block-cover-is-layout-constrained\">\n<p class=\"has-text-align-center has-large-font-size\">Diagnosi fitopatologica, lotta biologica, controllo delle infestanti e trattamenti fitosanitari<\/p>\n<\/div><\/div>\n\n\n\n<div class=\"wp-block-group alignfull has-base-background-color has-background has-global-padding is-layout-constrained wp-container-core-group-is-layout-d89aad35 wp-block-group-is-layout-constrained\" style=\"margin-top:0;margin-bottom:0;padding-top:var(--wp--preset--spacing--50);padding-right:var(--wp--preset--spacing--50);padding-bottom:var(--wp--preset--spacing--50);padding-left:var(--wp--preset--spacing--50)\">\n<div class=\"wp-block-columns alignwide is-layout-flex wp-container-core-columns-is-layout-549b0c86 wp-block-columns-is-layout-flex\">\n<div class=\"wp-block-column is-layout-flow wp-block-column-is-layout-flow\" style=\"flex-basis:50%\">\n<div class=\"wp-block-cover has-custom-content-position is-position-top-right has-base-color has-text-color has-link-color wp-elements-b7e841ca395e560f2f8f0d2eb38de4aa\"><img loading=\"lazy\" decoding=\"async\" width=\"1024\" height=\"683\" class=\"wp-block-cover__image-background wp-image-300 size-large\" alt=\"\" src=\"https:\/\/verdideasrl.com\/sito\/wp-content\/uploads\/2025\/05\/SER02200-2-1024x683.jpg\" style=\"object-position:100% 30%\" data-object-fit=\"cover\" data-object-position=\"100% 30%\" srcset=\"https:\/\/verdideasrl.com\/sito\/wp-content\/uploads\/2025\/05\/SER02200-2-1024x683.jpg 1024w, https:\/\/verdideasrl.com\/sito\/wp-content\/uploads\/2025\/05\/SER02200-2-300x200.jpg 300w, https:\/\/verdideasrl.com\/sito\/wp-content\/uploads\/2025\/05\/SER02200-2-768x512.jpg 768w, https:\/\/verdideasrl.com\/sito\/wp-content\/uploads\/2025\/05\/SER02200-2-1536x1024.jpg 1536w, https:\/\/verdideasrl.com\/sito\/wp-content\/uploads\/2025\/05\/SER02200-2.jpg 1752w\" sizes=\"auto, (max-width: 1024px) 100vw, 1024px\" \/><span aria-hidden=\"true\" class=\"wp-block-cover__background has-contrast-2-background-color has-background-dim-0 has-background-dim\"><\/span><div class=\"wp-block-cover__inner-container has-global-padding is-layout-constrained wp-block-cover-is-layout-constrained\">\n<div class=\"wp-block-buttons is-layout-flex wp-block-buttons-is-layout-flex\">\n<div class=\"wp-block-button has-custom-width wp-block-button__width-100 is-style-outline is-style-outline--4\"><a class=\"wp-block-button__link wp-element-button\" href=\"https:\/\/verdideasrl.com\/sito\/servizi\/\" style=\"padding-right:var(--wp--preset--spacing--30);padding-left:var(--wp--preset--spacing--30)\">I servizi<\/a><\/div>\n<\/div>\n<\/div><\/div>\n<\/div>\n\n\n\n<div class=\"wp-block-column is-layout-flow wp-container-core-column-is-layout-119bc444 wp-block-column-is-layout-flow\" style=\"flex-basis:50%\"><div class=\"wp-block-site-logo\"><a href=\"https:\/\/verdideasrl.com\/sito\/\" class=\"custom-logo-link\" rel=\"home\"><img loading=\"lazy\" decoding=\"async\" width=\"256\" height=\"60\" src=\"https:\/\/verdideasrl.com\/sito\/wp-content\/uploads\/2025\/03\/logo-verdidea.png\" class=\"custom-logo\" alt=\"Verdidea srl\" srcset=\"https:\/\/verdideasrl.com\/sito\/wp-content\/uploads\/2025\/03\/logo-verdidea.png 2364w, https:\/\/verdideasrl.com\/sito\/wp-content\/uploads\/2025\/03\/logo-verdidea-300x71.png 300w, https:\/\/verdideasrl.com\/sito\/wp-content\/uploads\/2025\/03\/logo-verdidea-1024x242.png 1024w, https:\/\/verdideasrl.com\/sito\/wp-content\/uploads\/2025\/03\/logo-verdidea-768x182.png 768w, https:\/\/verdideasrl.com\/sito\/wp-content\/uploads\/2025\/03\/logo-verdidea-1536x363.png 1536w, https:\/\/verdideasrl.com\/sito\/wp-content\/uploads\/2025\/03\/logo-verdidea-2048x484.png 2048w\" sizes=\"auto, (max-width: 256px) 100vw, 256px\" \/><\/a><\/div>\n\n\n<h2 class=\"wp-block-heading has-large-font-size\">La nostra gamma completa di servizi professionali si rivolge ad una clientela eterogenea, che va dai proprietari di giardini alla pubblica amministrazione. Con un impegno verso l&#8217;innovazione e la sostenibilit\u00e0.<\/h2>\n<\/div>\n<\/div>\n<\/div>\n\n\n\n<div class=\"wp-block-cover alignfull has-parallax is-repeated\" style=\"min-height:250px;aspect-ratio:unset;\"><div class=\"wp-block-cover__image-background wp-image-288 size-full has-parallax is-repeated\" style=\"background-position:50% 50%;background-image:url(https:\/\/verdideasrl.com\/sito\/wp-content\/uploads\/2025\/05\/alberi-pattern-web-bianchi.png)\"><\/div><span aria-hidden=\"true\" class=\"wp-block-cover__background has-background-dim-40 has-background-dim\" style=\"background-color:#2c753d\"><\/span><div class=\"wp-block-cover__inner-container is-layout-flow wp-block-cover-is-layout-flow\">\n<p class=\"has-text-align-center has-large-font-size\"><\/p>\n<\/div><\/div>\n\n\n\n<p><\/p>\n","protected":false},"excerpt":{"rendered":"<p>Con meticolosa attenzione ai dettagli e una devozione all&#8217;eccellenza, creiamo spazi che ispirano, elevano e arricchiscono le vite di chi li abita. La manutenzione del verde con tutti i suoi settori e attivit\u00e0 necessita di numerose e svariate professionalit\u00e0 per l&#8217;analisi, la gestione e l&#8217;implementazione dei progetti. La nostra gamma completa di servizi professionali si [&hellip;]<\/p>\n","protected":false},"author":1,"featured_media":0,"parent":0,"menu_order":0,"comment_status":"closed","ping_status":"closed","template":"page-no-title","meta":{"footnotes":""},"class_list":["post-8","page","type-page","status-publish","hentry"],"_links":{"self":[{"href":"https:\/\/verdideasrl.com\/sito\/wp-json\/wp\/v2\/pages\/8","targetHints":{"allow":["GET"]}}],"collection":[{"href":"https:\/\/verdideasrl.com\/sito\/wp-json\/wp\/v2\/pages"}],"about":[{"href":"https:\/\/verdideasrl.com\/sito\/wp-json\/wp\/v2\/types\/page"}],"author":[{"embeddable":true,"href":"https:\/\/verdideasrl.com\/sito\/wp-json\/wp\/v2\/users\/1"}],"replies":[{"embeddable":true,"href":"https:\/\/verdideasrl.com\/sito\/wp-json\/wp\/v2\/comments?post=8"}],"version-history":[{"count":67,"href":"https:\/\/verdideasrl.com\/sito\/wp-json\/wp\/v2\/pages\/8\/revisions"}],"predecessor-version":[{"id":548,"href":"https:\/\/verdideasrl.com\/sito\/wp-json\/wp\/v2\/pages\/8\/revisions\/548"}],"wp:attachment":[{"href":"https:\/\/verdideasrl.com\/sito\/wp-json\/wp\/v2\/media?parent=8"}],"curies":[{"name":"wp","href":"https:\/\/api.w.org\/{rel}","templated":true}]}}