{"id":3,"date":"2025-03-26T21:53:41","date_gmt":"2025-03-26T20:53:41","guid":{"rendered":"https:\/\/verdideasrl.com\/sito\/?page_id=3"},"modified":"2025-06-04T15:27:05","modified_gmt":"2025-06-04T13:27:05","slug":"privacy-policy","status":"publish","type":"page","link":"https:\/\/verdideasrl.com\/sito\/privacy-policy\/","title":{"rendered":"Privacy Policy"},"content":{"rendered":"\n<h3 class=\"wp-block-heading\">Privacy Policy<\/h3>\n\n\n\n<p>Informativa ai sensi degli articoli 13 e 14 del Regolamento Europeo n. 679\/2016 in materia di protezione dei dati personali e successive norme nazionali di adeguamento<\/p>\n\n\n\n<p>La tutela della vostra Privacy \u00e8 uno dei nostri principali obiettivi.<\/p>\n\n\n\n<p>Conformemente all\u2019impegno e alla cura che la societ\u00e0 Verdidea s.r.l. (di seguito &#8220;Societ\u00e0&#8221;) dedica alla tutela dei dati personali, Ti informiamo sulle modalit\u00e0, finalit\u00e0 e ambito di comunicazione e diffusione dei tuoi dati personali raccolti nell\u2019accesso al sito www.verdideasrl.com, nonch\u00e9 sui tuoi diritti, in conformit\u00e0 agli articoli 13 e 14 del Regolamento Europeo n.679\/2016 (di seguito GDPR) e successive norme nazionali di adeguamento (di seguito Normativa Applicabile).<\/p>\n\n\n\n<h3 class=\"wp-block-heading\">PRIVACY POLICY DEL SITO<\/h3>\n\n\n\n<p>In questa sezione sono contenute le informazioni relative alle modalit\u00e0 di gestione dei dati personali in riferimento al trattamento degli stessi nel sito www.verdideasrl.com (di seguito \u201csito\u201d). In linea con il D.lgs. 196\/2003 come novellato dal D.lgs. 101\/2018 (di seguito \u201cCodice Privacy\u201c) e il Regolamento, la societ\u00e0 Verdidea s.r.l. intende garantire la privacy e la sicurezza dei dati personali di ciascun visitatore coerentemente con quanto prescritto nella presente Informativa, per cui i trattamenti saranno improntati ai principi di liceit\u00e0, correttezza, trasparenza, limitazione delle finalit\u00e0 e della conservazione, minimizzazione dei dati, esattezza, integrit\u00e0 e riservatezza.<\/p>\n\n\n\n<p>Le informazioni sono rese solo per il sito e non anche per altri siti web eventualmente consultati dall\u2019utente tramite link in esso contenuti.<\/p>\n\n\n\n<p>Scopo del presente documento \u00e8 fornire indicazioni circa le modalit\u00e0, i tempi e la natura delle informazioni che il Titolare del trattamento deve fornire agli utenti al momento della connessione alle pagine web del sito indipendentemente dagli scopi del collegamento stesso, secondo la legislazione Italiana ed Europea.<\/p>\n\n\n\n<p>Se l\u2019utente ha meno di 16 anni, ai sensi dell\u2019art.8, c.1 regolamento UE 2016\/679, dovr\u00e0 legittimare il suo consenso attraverso l\u2019autorizzazione dei genitori o di chi ne fa le veci.<\/p>\n\n\n\n<ol class=\"wp-block-list\">\n<li><strong>Titolare del trattamento<\/strong><\/li>\n<\/ol>\n\n\n\n<p>Relativamente al presente sito web il titolare del trattamento \u00e8 la societ\u00e0 Verdidea s.r.l., nella persona del legale rappresentante pro tempore, con sede legale in via Gargiulo s.n.c. 74122 Taranto, partita iva 02604780730, telefono 0997313372, email ufficiotecnico@verdideasrl.com, pec verdidea.taranto@pec.it<\/p>\n\n\n\n<ol start=\"2\" class=\"wp-block-list\">\n<li><strong>I dati personali oggetto del trattamento e finalit\u00e0<\/strong><\/li>\n<\/ol>\n\n\n\n<p>Per trattamento di dati personali intendiamo qualsiasi operazione o insieme di operazioni, compiute con o senza l\u2019ausilio di processi automatizzati e applicate a dati personali o insiemi di dati personali, come la raccolta, la registrazione, l\u2019organizzazione, la strutturazione, la conservazione, l\u2019adattamento o la modifica, l\u2019estrazione, la consultazione, l\u2019uso, la comunicazione mediante trasmissione, diffusione o qualsiasi altra forma di messa a disposizione, il raffronto o l\u2019interconnessione, la limitazione, la cancellazione o la distruzione.<br>La informiamo che i dati personali oggetto di trattamento saranno costituiti \u2013 anche a seconda delle sue decisioni su come utilizzare i servizi del Sito \u2013 da un identificativo come il nome, l\u2019indirizzo email, un numero di identificazione, dati relativi all\u2019ubicazione, un identificativo online, e altri dati idonei a renderla identificato\/a o identificabile, a seconda del tipo di Servizi richiesti (di seguito solo \u201cDati Personali\u201c). In particolare, i Dati Personali trattati attraverso il Sito sono i seguenti:<\/p>\n\n\n\n<p><strong>a. Dati di navigazione<\/strong><\/p>\n\n\n\n<p>I sistemi informatici e le procedure software preposte al funzionamento di questo sito web acquisiscono, nel corso del loro normale esercizio, alcuni dati personali la cui trasmissione \u00e8 implicita nell\u2019uso dei protocolli di comunicazione di Internet. In questa categoria di dati rientrano: gli indirizzi IP, il tipo di browser utilizzato, il sistema operativo, il nome di dominio e gli indirizzi di siti web dai quali \u00e8 stato effettuato l\u2019accesso, le informazioni sulle pagine visitate dagli utenti all\u2019interno del sito, l\u2019orario d\u2019accesso, la permanenza sulla singola pagina, l\u2019analisi di percorso interno ed altri parametri relativi al sistema operativo e all\u2019ambiente informatico dell\u2019utente.<\/p>\n\n\n\n<p>Si tratta di informazioni che non sono raccolte per essere associate a interessati identificati, ma che per loro stessa natura potrebbero, attraverso elaborazioni ed associazioni con dati detenuti da terzi, permettere di identificare gli utenti.<\/p>\n\n\n\n<p>Questi dati vengono utilizzati al solo fine di ricavare informazioni statistiche anonime sull\u2019uso del Sito e per controllarne il corretto funzionamento, per identificare anomalie e\/o abusi, e vengono cancellati immediatamente dopo l\u2019elaborazione. I dati potrebbero essere utilizzati per l\u2019accertamento di responsabilit\u00e0 in caso di ipotetici reati informatici ai danni del sito o di terzi: salva questa eventualit\u00e0, allo stato i dati sui contatti web non persistono per pi\u00f9 di quattordici giorni, a meno di eventuali richieste dell\u2019utente (es: accesso alle pagine personali dell\u2019utente all\u2019interno del Sito che riepilogano i servizi fruiti, le informazioni pubblicate, etc.).<\/p>\n\n\n\n<p><strong>b. Dati forniti volontariamente dall\u2019interessato<\/strong><\/p>\n\n\n\n<p>Identificativi forniti dall\u2019utente come soggetto interessato e\/o per conto di altra persona fisica (es. nome, cognome, email, numero di telefono, localizzazione, etc.), per dare seguito alle richieste sui nostri prodotti e servizi, attraverso le apposite sezioni del Sito https:\/\/www.verdideasrl.com\/, per le specifiche finalit\u00e0 specificate nel paragrafo 3 della presente informativa.<\/p>\n\n\n\n<p><strong>c. Dati di traffico<\/strong><\/p>\n\n\n\n<p>Nell\u2019ambito del servizio di posta elettronica, la Societ\u00e0 tratter\u00e0 alcuni dati ai fini della trasmissione delle comunicazioni sulla rete di comunicazione elettronica. Tali dati sono quelli elencati nel Decreto Legislativo 30 maggio 2008, n. 109, e segnatamente sono:<br>\u2013 indirizzo IP utilizzato e indirizzo di posta elettronica ed eventuale ulteriore identificativo del mittente;<br>\u2013 indirizzo IP e nome a dominio pienamente qualificato del mail exchanger host, nel caso della tecnologia SMTP ovvero di qualsiasi tipologia di host relativo ad una diversa tecnologia utilizzata per la trasmissione della comunicazione;<br>\u2013 indirizzo di posta elettronica, ed eventuale ulteriore identificativo, del destinatario della comunicazione;<br>\u2013 indirizzo IP e nome a dominio pienamente qualificato del mail exchanger host (nel caso della tecnologia SMTP), ovvero di qualsiasi tipologia di host (relativamente ad una diversa tecnologia utilizzata), che ha provveduto alla consegna del messaggio;<br>\u2013 indirizzo IP utilizzato per la ricezione ovvero la consultazione dei messaggi di posta elettronica da parte del destinatario indipendentemente dalla tecnologia o dal protocollo utilizzato;<br>\u2013 data e ora (GMT) della connessione e della disconnessione dell\u2019utente del servizio di posta elettronica su internet ed indirizzo IP utilizzato, indipendentemente dalla tecnologia e dal protocollo impiegato;<br>\u2013 il servizio internet utilizzato.<\/p>\n\n\n\n<p>Tali dati sono trattati e conservati dalla Societ\u00e0, mediante il provider del servizio, per fornire il servizio e per obbligo di legge, per finalit\u00e0 di accertamento e repressione dei reati. Sono adottate adeguate misure di sicurezza che li rendono accessibili solo ad incaricati appositamente autorizzati per iscritto, i quali vi accedono solo a seguito di richiesta dell\u2019autorit\u00e0 giudiziaria corredata da un decreto motivato di un pubblico ministero e comunque con tecniche di autenticazione particolarmente sofisticate previste dalla normativa.<\/p>\n\n\n\n<ol start=\"3\" class=\"wp-block-list\">\n<li><strong>Finalit\u00e0 e basi giuridiche dei trattamenti<\/strong><\/li>\n<\/ol>\n\n\n\n<p>I dati personali saranno trattati esclusivamente con modalit\u00e0 e procedure necessarie:<\/p>\n\n\n\n<p>per richieste di informazioni e preventivi, inviate dagli interessati anche mediante posta elettronica, al fine della vendita di prodotti da noi commercializzati;\n\nper l\u2019organizzazione e l\u2019erogazione dei nostri servizi;\n\nper la prenotazione a eventi pubblici, quali ad esempio fiere, manifestazioni o iniziative di beneficenza;\n\nper l\u2019invio delle newsletter, di comunicazioni istituzionali, di materiale pubblicitario, informativo, promozionale, per attivit\u00e0 di marketing diretto e indiretto;\n\nper la profilazione manuale correlata alla manutenzione del verde.<\/p>\n\n\n\n<p>Inoltre ai fini della sicurezza del sito i dati registrati automaticamente, quale l\u2019indirizzo Ip, potrebbero essere utilizzati, conformemente alle leggi vigenti in materia, al fine di bloccare tentativi di danneggiamento al sito medesimo o di recare danno ad altri utenti, o comunque attivit\u00e0 dannose o costituenti reato.<\/p>\n\n\n\n<p>I trattamenti di cui alle lettere a), b) e c) sono obbligatori per l\u2019esecuzione e conclusione delle richieste inoltrate dall\u2019interessato e per la finalizzazione di un eventuale contratto, mentre quelli di cui alle lettere d), e) sono facoltativi e richiedono il consenso espresso, il quale \u00e8 revocabile altrettanto liberamente ed in qualsiasi momento contattando il Titolare.<\/p>\n\n\n\n<p>Si precisa che l\u2019attivit\u00e0 di marketing diretto e indiretto ha lo scopo di raccogliere ed utilizzare dati pertinenti e limitati a quanto necessario rispetto alla finalit\u00e0 per cui sono trattati, per elaborare studi, ricerche, statistiche di mercato, inviare materiale pubblicitario ed informativo, compiere attivit\u00e0 dirette di vendita o di collocamento di prodotti o servizi, inviare informazioni commerciali, effettuare comunicazioni commerciali interattive. L\u2019attivit\u00e0 di profilazione consiste, invece, nella raccolta di informazioni sui comportamenti e le abitudini commerciali nel settore vinicolo al fine di migliorare i servizi offerti in base alle esigenze dei clienti che hanno espresso specifico consenso.<\/p>\n\n\n\n<p>Con riferimento alle attivit\u00e0 di marketing e profilazione, si precisa che, in caso di mancato e specifico consenso al trattamento da parte dell\u2019interessato, non sar\u00e0 possibile svolgere le predette attivit\u00e0.<\/p>\n\n\n\n<ol start=\"4\" class=\"wp-block-list\">\n<li><strong>Destinatari dei dati personali<\/strong><\/li>\n<\/ol>\n\n\n\n<p>Nell\u2019ambito delle finalit\u00e0 sopra indicate, i suoi dati potranno essere comunicati a:<\/p>\n\n\n\n<p>soggetti terzi, come ad es. Professionisti come il consulente fiscale e legale, societ\u00e0 di servizi e assistenza informatica, Agenti di Commercio, societ\u00e0 di servizi marketing, organizzazione eventi, societ\u00e0 di ricerca di mercato e\/o di indagini sul grado di soddisfazione del cliente, spedizionieri, societ\u00e0 terze che svolgono parte delle attivit\u00e0 di trattamento e\/o attivit\u00e0 connesse e strumentali alle stesse per conto del Titolare. Tali soggetti saranno altres\u00ec nominati responsabili del trattamento ex art. 28 del GDPR;\n\nsoggetti, enti od autorit\u00e0 a cui sia obbligatorio comunicare i suoi dati personali in forza di disposizioni di legge o di ordini delle autorit\u00e0 (ad esempio, nel corso di indagini di natura penale il Titolare pu\u00f2 ricevere richieste da parte dell\u2019autorit\u00e0 giudiziaria di fornire log di traffico telematico);\n\nsingoli individui, dipendenti e\/o collaboratori del Titolare, a cui sono state affidate specifiche e\/o pi\u00f9 attivit\u00e0 di trattamento sui suoi dati personali. A tali individui sono state impartite specifiche istruzioni in tema di sicurezza e corretto utilizzo dei dati personali e vengono definiti come le persone autorizzate al trattamento dei dati personali sotto l\u2019autorit\u00e0 diretta del Titolare (ex art. 29 del GDPR).<\/p>\n\n\n\n<p>Questa informativa sul trattamento dei dati personali si applica al sito https:\/\/www.verdideasrl.com\/, cos\u00ec come ai servizi online associati al suddetto sito.<\/p>\n\n\n\n<p>Non si applica a eventuali link a siti esterni relativi ad aziende e istituzioni esterne.<br>Per informazioni sulle finalit\u00e0, il tipo e le modalit\u00e0 di raccolta, elaborazione, utilizzo e conservazione dei dati personali da parte delle piattaforme esterne e\/o social network, nonch\u00e9 per le modalit\u00e0 attraverso cui esercitare i propri diritti, si prega di consultare la politica privacy adottata dal singolo sito.<\/p>\n\n\n\n<ol start=\"5\" class=\"wp-block-list\">\n<li><strong>Trasferimento dei dati personali<\/strong><\/li>\n<\/ol>\n\n\n\n<p>I dati personali saranno trattati dalla societ\u00e0 all\u2019interno del territorio dell\u2019Unione Europea. Qualora per questioni di natura tecnica e\/o operativa si renda necessario avvalersi di soggetti ubicati al di fuori dell\u2019Unione Europea, oppure si renda necessario trasferire alcuni dei dati raccolti verso societ\u00e0 localizzate al di fuori dell\u2019area dell\u2019Unione Europea, il trattamento sar\u00e0 regolato in conformit\u00e0 a quanto previsto dal capo V del Regolamento e autorizzato in base a specifiche decisioni dell\u2019Unione Europea.<\/p>\n\n\n\n<ol start=\"6\" class=\"wp-block-list\">\n<li><strong>Modalit\u00e0 di trattamento e tempi di conservazione dei dati personali<\/strong><\/li>\n<\/ol>\n\n\n\n<p>Il trattamento dei dati personali avviene mediante strumenti manuali, informatici e telematici con logiche strettamente correlate alle finalit\u00e0 stesse in modo da garantirne la sicurezza e la riservatezza.<\/p>\n\n\n\n<p>I dati relativi ai log di navigazione registrati, saranno conservati dal provider per un periodo minimo di 6 mesi, come da prescrizione normativa dei tempi di conservazione.<\/p>\n\n\n\n<p>La informiamo, inoltre, che i dati da lei forniti mediante le pagine interne del sito o ricevuti mediante posta elettronica, saranno trattati per il tempo necessario al soddisfacimento delle richieste dell\u2019interessato e successivamente conservati per almeno 10 anni dopo l\u2019ultimo trattamento, salvo esplicita richiesta dell\u2019interessato e comunque per un periodo non inferiore a quello previsto da tutte le normative di legge e fiscali o per l\u2019intera durata di eventuali contenziosi.<\/p>\n\n\n\n<ol start=\"7\" class=\"wp-block-list\">\n<li><strong>Diritti degli interessati<\/strong><\/li>\n<\/ol>\n\n\n\n<p>I soggetti cui si riferiscono i sopra citati dati personali (c.d. \u201cinteressati\u201d), hanno la facolt\u00e0 di esercitare i propri diritti secondo le modalit\u00e0 e nei limiti previsti dalla vigente normativa privacy, dall\u2019articolo 15 al 22 del GDPR.<\/p>\n\n\n\n<p>In relazione al trattamento dei suoi dati personali, ha diritto di chiedere alla societ\u00e0:<\/p>\n\n\n\n<p>l\u2019accesso: pu\u00f2 chiedere conferma che sia o meno in essere un trattamento di dati che la riguardano, oltre a maggiori chiarimenti circa le informazioni di cui alla presente Informativa, nonch\u00e9 di ricevere i dati stessi, nei limiti della ragionevolezza;\n\nla rettifica: pu\u00f2 chiedere di rettificare o integrare i dati che ci ha fornito o comunque in nostro possesso, qualora inesatti;\n\nla cancellazione\/oblio: pu\u00f2 chiedere che i suoi dati acquisiti o trattati dal Titolare vengano cancellati, qualora non siano pi\u00f9 necessari alle nostre finalit\u00e0 o laddove non vi siano contestazioni o controversie in essere, in caso di revoca del consenso o sua opposizione al trattamento, in caso di trattamento illecito, ovvero qualora sussista un obbligo legale di cancellazione;\n\nla limitazione: pu\u00f2 chiedere la limitazione del trattamento dei suoi dati personali, quando ricorre una delle condizioni di cui all\u2019art. 18 del GDPR; in tal caso, i suoi dati non saranno trattati, salvo che per la conservazione, senza il suo consenso fatta eccezione per quanto esplicitato nel medesimo articolo al comma 2.\n\nl\u2019opposizione: pu\u00f2 opporsi in qualunque momento al trattamento dei suoi dati sulla base di un nostro legittimo interesse, salvo che vi siano nostri motivi legittimi per procedere al trattamento che prevalgano sui suoi, per esempio per l\u2019esercizio o la nostra difesa in sede giudiziaria; la sua opposizione prevarr\u00e0 sempre e comunque sul nostro interesse legittimo a trattare i suoi dati per finalit\u00e0 di marketing;\n\nla portabilit\u00e0: pu\u00f2 chiedere di ricevere i suoi dati, o di farli trasmettere ad altro titolare da lei indicato, in un formato strutturato, di uso comune e leggibile da dispositivo automatico.<\/p>\n\n\n\n<p>Infine, la informiamo che ha diritto di proporre reclamo dinanzi all\u2019Autorit\u00e0 di Controllo, che in Italia \u00e8 il Garante per la Protezione dei Dati Personali, contattabile all\u2019indirizzo garante@gpdp.it o mediante il sito http:\/\/www.gpdp.it.<\/p>\n\n\n\n<p>Inoltre, ai sensi dell\u2019art. 7, par. 3, GDPR, la informiamo che pu\u00f2 esercitare in qualsiasi momento il suo diritto di revoca del consenso, senza che venga pregiudicata la liceit\u00e0 del trattamento basata sul consenso prestato antecedentemente.<\/p>\n\n\n\n<p>Per esercitare tali diritti, effettuare segnalazioni o chiedere chiarimenti sul trattamento dei propri dati personali lo pu\u00f2 fare mediante la compilazione e l\u2019invio del modulo: Modello per l\u2019esercizio dei diritti in materia di protezione dei dati personali.<\/p>\n\n\n\n<p>Il modello, debitamente compilato, va indirizzato al titolare del trattamento, ovvero alla societ\u00e0 Verdidea s.r.l., nella persona del legale rappresentante pro tempore, con sede legale in via Gargiulo s.n.c. 74122 Taranto, partita iva 02604780730, telefono +39 099 7313372, email ufficiotecnico@verdideasrl.com<\/p>\n\n\n\n<ol start=\"8\" class=\"wp-block-list\">\n<li><strong>Modifiche<\/strong><\/li>\n<\/ol>\n\n\n\n<p>Il documento \u00e8 stato aggiornato in data 10\/05\/2023 per essere conforme alle disposizioni normative in materia, ed in particolare in conformit\u00e0 al Regolamento UE 2016\/679.<\/p>\n\n\n\n<p>La societ\u00e0 si riserva di modificarne o semplicemente aggiornarne il contenuto, in parte o completamente, anche a causa di variazioni della normativa applicabile. Qualora le modifiche alla presente policy riguardino cambiamenti sostanziali nei trattamenti oppure possano avere comunque un impatto rilevante sugli interessati, la societ\u00e0 avr\u00e0 cura di notificarle opportunamente agli stessi.<\/p>\n","protected":false},"excerpt":{"rendered":"<p>Privacy Policy Informativa ai sensi degli articoli 13 e 14 del Regolamento Europeo n. 679\/2016 in materia di protezione dei dati personali e successive norme nazionali di adeguamento La tutela della vostra Privacy \u00e8 uno dei nostri principali obiettivi. Conformemente all\u2019impegno e alla cura che la societ\u00e0 Verdidea s.r.l. (di seguito &#8220;Societ\u00e0&#8221;) dedica alla tutela [&hellip;]<\/p>\n","protected":false},"author":1,"featured_media":0,"parent":0,"menu_order":0,"comment_status":"closed","ping_status":"open","template":"","meta":{"footnotes":""},"class_list":["post-3","page","type-page","status-publish","hentry"],"_links":{"self":[{"href":"https:\/\/verdideasrl.com\/sito\/wp-json\/wp\/v2\/pages\/3","targetHints":{"allow":["GET"]}}],"collection":[{"href":"https:\/\/verdideasrl.com\/sito\/wp-json\/wp\/v2\/pages"}],"about":[{"href":"https:\/\/verdideasrl.com\/sito\/wp-json\/wp\/v2\/types\/page"}],"author":[{"embeddable":true,"href":"https:\/\/verdideasrl.com\/sito\/wp-json\/wp\/v2\/users\/1"}],"replies":[{"embeddable":true,"href":"https:\/\/verdideasrl.com\/sito\/wp-json\/wp\/v2\/comments?post=3"}],"version-history":[{"count":2,"href":"https:\/\/verdideasrl.com\/sito\/wp-json\/wp\/v2\/pages\/3\/revisions"}],"predecessor-version":[{"id":1271,"href":"https:\/\/verdideasrl.com\/sito\/wp-json\/wp\/v2\/pages\/3\/revisions\/1271"}],"wp:attachment":[{"href":"https:\/\/verdideasrl.com\/sito\/wp-json\/wp\/v2\/media?parent=3"}],"curies":[{"name":"wp","href":"https:\/\/api.w.org\/{rel}","templated":true}]}}